{"id":28,"date":"2024-02-17T06:59:45","date_gmt":"2024-02-17T06:59:45","guid":{"rendered":"https:\/\/pemaindustriales.com\/?page_id=28"},"modified":"2026-03-16T06:28:40","modified_gmt":"2026-03-16T06:28:40","slug":"soluciones","status":"publish","type":"page","link":"https:\/\/pemaindustriales.com\/?page_id=28","title":{"rendered":"Soluciones"},"content":{"rendered":"\n<p><br>En <strong>PEMA<\/strong> contamos con experiencia trabajando bajo est\u00e1ndares de calidad requeridos por el <strong>sector automotriz<\/strong>, ofreciendo:<\/p>\n\n\n\n<div class=\"wp-block-media-text has-media-on-the-right is-stacked-on-mobile\"><div class=\"wp-block-media-text__content\">\n<p><strong>\u2714 Experiencia en pintura industrial<br>\u2714 Especializaci\u00f3n en sector automotriz<br>\u2714 Procesos eficientes y controlados<br>\u2714 Acabados de alta calidad<br>\u2714 Adaptabilidad a requerimientos del cliente<\/strong><\/p>\n<\/div><figure class=\"wp-block-media-text__media\"><img loading=\"lazy\" decoding=\"async\" width=\"1007\" height=\"541\" src=\"https:\/\/pemaindustriales.com\/wp-content\/uploads\/2026\/03\/Fotos-pagina-2-edited.png\" alt=\"\" class=\"wp-image-97 size-full\" srcset=\"https:\/\/pemaindustriales.com\/wp-content\/uploads\/2026\/03\/Fotos-pagina-2-edited.png 1007w, https:\/\/pemaindustriales.com\/wp-content\/uploads\/2026\/03\/Fotos-pagina-2-edited-300x161.png 300w, https:\/\/pemaindustriales.com\/wp-content\/uploads\/2026\/03\/Fotos-pagina-2-edited-768x413.png 768w\" sizes=\"auto, (max-width: 1007px) 100vw, 1007px\" \/><\/figure><\/div>\n\n\n\n<ul class=\"wp-block-list\">\n<li> Somos expertos en pintura en polvo y l\u00edquida.\n<ul class=\"wp-block-list\">\n<li>Tenemos capacidad de pintar en instalaciones de cliente, para esto tenemos cabinas de pintura y la infraestructura para trabajar en condiciones irregulares.<\/li>\n<\/ul>\n<\/li>\n\n\n\n<li>Experto en troquelado.<\/li>\n\n\n\n<li>Somos una sorteadora con un costo muy competitivo y con capacidades t\u00e9cnicas sobresalientes en industria automotriz y metalmec\u00e1nica.<\/li>\n\n\n\n<li>Mantenimiento a maquinaria, contamos con t\u00e9cnicos certificados para trabajo en sitio as\u00ed como en nuestras instalaciones.<\/li>\n\n\n\n<li>Entrenamos a tu equipo de trabajo en:\n<ul class=\"wp-block-list\">\n<li>Troquelados<\/li>\n\n\n\n<li>Centros de crimpado<\/li>\n\n\n\n<li>Ensamble de maquinaria<\/li>\n\n\n\n<li>Ingenier\u00eda<\/li>\n\n\n\n<li>Mantenimiento Industrial<\/li>\n<\/ul>\n<\/li>\n<\/ul>\n\n\n\n<p><strong>Somos fabricantes:<\/strong><\/p>\n\n\n\n<ul class=\"wp-block-list\">\n<li>Servicio de maquinado de aceros y pl\u00e1sticos de ingenier\u00eda.<\/li>\n\n\n\n<li>Fabricaci\u00f3n y redise\u00f1o de tooling contra requerimiento de nuestros clientes..<\/li>\n\n\n\n<li>Fabricaci\u00f3n de Fixture.<\/li>\n\n\n\n<li>Fabricaci\u00f3n de pruebas el\u00e9ctricas.<\/li>\n\n\n\n<li>Fabricaci\u00f3n, dise\u00f1o de contras y poka-yokes.<\/li>\n\n\n\n<li>Dise\u00f1o e ingenier\u00eda inversa seg\u00fan actividades del cliente y el proceso.<\/li>\n\n\n\n<li>Servicio de maquinado de aceros y pl\u00e1sticos de ingenier\u00eda.<\/li>\n\n\n\n<li>Fabricaci\u00f3ny redise\u00f1ode tooling de troquel.<\/li>\n\n\n\n<li>Fabricaci\u00f3nde Fixture.<\/li>\n\n\n\n<li>Fabricaci\u00f3nde pruebasel\u00e9ctricas.<\/li>\n\n\n\n<li>Fabricaci\u00f3ny dise\u00f1ode contras y poka-yokes.<\/li>\n\n\n\n<li>Dise\u00f1o e ingenier\u00eda inversa seg\u00fan actividades del cliente y el proceso.<\/li>\n<\/ul>\n\n\n\n<p><\/p>\n\n\n\n<p><\/p>\n","protected":false},"excerpt":{"rendered":"<p>En PEMA contamos con experiencia trabajando bajo est\u00e1ndares de calidad requeridos por el sector automotriz, ofreciendo: \u2714 Experiencia en pintura<\/p>\n","protected":false},"author":1,"featured_media":93,"parent":0,"menu_order":0,"comment_status":"closed","ping_status":"closed","template":"","meta":{"footnotes":""},"class_list":["post-28","page","type-page","status-publish","has-post-thumbnail","hentry"],"_links":{"self":[{"href":"https:\/\/pemaindustriales.com\/index.php?rest_route=\/wp\/v2\/pages\/28","targetHints":{"allow":["GET"]}}],"collection":[{"href":"https:\/\/pemaindustriales.com\/index.php?rest_route=\/wp\/v2\/pages"}],"about":[{"href":"https:\/\/pemaindustriales.com\/index.php?rest_route=\/wp\/v2\/types\/page"}],"author":[{"embeddable":true,"href":"https:\/\/pemaindustriales.com\/index.php?rest_route=\/wp\/v2\/users\/1"}],"replies":[{"embeddable":true,"href":"https:\/\/pemaindustriales.com\/index.php?rest_route=%2Fwp%2Fv2%2Fcomments&post=28"}],"version-history":[{"count":3,"href":"https:\/\/pemaindustriales.com\/index.php?rest_route=\/wp\/v2\/pages\/28\/revisions"}],"predecessor-version":[{"id":98,"href":"https:\/\/pemaindustriales.com\/index.php?rest_route=\/wp\/v2\/pages\/28\/revisions\/98"}],"wp:featuredmedia":[{"embeddable":true,"href":"https:\/\/pemaindustriales.com\/index.php?rest_route=\/wp\/v2\/media\/93"}],"wp:attachment":[{"href":"https:\/\/pemaindustriales.com\/index.php?rest_route=%2Fwp%2Fv2%2Fmedia&parent=28"}],"curies":[{"name":"wp","href":"https:\/\/api.w.org\/{rel}","templated":true}]}}