{"id":41,"date":"2024-02-17T07:03:49","date_gmt":"2024-02-17T07:03:49","guid":{"rendered":"https:\/\/pemaindustriales.com\/?page_id=41"},"modified":"2026-03-16T06:33:06","modified_gmt":"2026-03-16T06:33:06","slug":"inicio","status":"publish","type":"page","link":"https:\/\/pemaindustriales.com\/","title":{"rendered":"Bienvenidos"},"content":{"rendered":"\n<p class=\"has-medium-font-size\"><strong>Bienvenidos<\/strong> a <strong>PEMA<\/strong>, especialista en industria automotriz.<\/p>\n\n\n\n<p class=\"has-medium-font-size\">Somos un empresa especializada en <strong>recubrimientos industriales<\/strong>, con amplia experiencia en <strong>pintura en polvo y pintura l\u00edquida<\/strong>, ofreciendo soluciones de alta calidad para diversos sectores industriales, siempre con metodolog\u00eda y tecnolog\u00eda de punta desde la perspectiva de la <strong>industria automotriz<\/strong>.<\/p>\n\n\n\n<p class=\"has-medium-font-size\">Nuestro compromiso es brindar <strong>acabados de alto desempe\u00f1o<\/strong>, cumpliendo con los est\u00e1ndares m\u00e1s exigentes de calidad, durabilidad y est\u00e9tica.<br><\/p>\n","protected":false},"excerpt":{"rendered":"<p>Bienvenidos a PEMA, especialista en industria automotriz. Somos un empresa especializada en recubrimientos industriales, con amplia experiencia en pintura en<\/p>\n","protected":false},"author":1,"featured_media":63,"parent":0,"menu_order":0,"comment_status":"closed","ping_status":"closed","template":"","meta":{"footnotes":""},"class_list":["post-41","page","type-page","status-publish","has-post-thumbnail","hentry"],"_links":{"self":[{"href":"https:\/\/pemaindustriales.com\/index.php?rest_route=\/wp\/v2\/pages\/41","targetHints":{"allow":["GET"]}}],"collection":[{"href":"https:\/\/pemaindustriales.com\/index.php?rest_route=\/wp\/v2\/pages"}],"about":[{"href":"https:\/\/pemaindustriales.com\/index.php?rest_route=\/wp\/v2\/types\/page"}],"author":[{"embeddable":true,"href":"https:\/\/pemaindustriales.com\/index.php?rest_route=\/wp\/v2\/users\/1"}],"replies":[{"embeddable":true,"href":"https:\/\/pemaindustriales.com\/index.php?rest_route=%2Fwp%2Fv2%2Fcomments&post=41"}],"version-history":[{"count":4,"href":"https:\/\/pemaindustriales.com\/index.php?rest_route=\/wp\/v2\/pages\/41\/revisions"}],"predecessor-version":[{"id":101,"href":"https:\/\/pemaindustriales.com\/index.php?rest_route=\/wp\/v2\/pages\/41\/revisions\/101"}],"wp:featuredmedia":[{"embeddable":true,"href":"https:\/\/pemaindustriales.com\/index.php?rest_route=\/wp\/v2\/media\/63"}],"wp:attachment":[{"href":"https:\/\/pemaindustriales.com\/index.php?rest_route=%2Fwp%2Fv2%2Fmedia&parent=41"}],"curies":[{"name":"wp","href":"https:\/\/api.w.org\/{rel}","templated":true}]}}